{"id":367,"date":"2021-03-05T14:44:23","date_gmt":"2021-03-05T14:44:23","guid":{"rendered":"https:\/\/www.ttargetquimic.pt\/?page_id=367"},"modified":"2021-03-05T15:44:18","modified_gmt":"2021-03-05T15:44:18","slug":"alimentacao-humana","status":"publish","type":"page","link":"https:\/\/ttargetquimic.pt\/pt\/alimentacao-humana\/","title":{"rendered":"ALIMENTA\u00c7\u00c3O HUMANA"},"content":{"rendered":"<p>[vc_row][vc_column][vc_custom_heading text=&#8221;ALIMENTA\u00c7\u00c3O HUMANA&#8221;][\/vc_column][\/vc_row][vc_row][vc_column][vc_raw_html]JTNDcCUzRSUzQ2ElMjBocmVmJTNEJTIyaHR0cHMlM0ElMkYlMkZ3d3cudHRhcmdldHF1aW1pYy5wdCUyRnB0JTJGcGVkaWRvLWRlLWluZm9ybWFjYW8lMkYlMjIlM0VDT05TRVJWQU5URVMlM0MlMkZhJTNFJTNDJTJGcCUzRSUwQSUzQ3AlM0UlM0NhJTIwaHJlZiUzRCUyMmh0dHBzJTNBJTJGJTJGd3d3LnR0YXJnZXRxdWltaWMucHQlMkZwdCUyRnBlZGlkby1kZS1pbmZvcm1hY2FvJTJGJTIyJTNFUkVHVUxBRE9SRVMlMjBERSUyMEFDSURFWiUyMEUlMjBBQ0lEVUxBTlRFUyUzQyUyRmElM0UlM0MlMkZwJTNFJTBBJTNDcCUzRSUzQ2ElMjBocmVmJTNEJTIyaHR0cHMlM0ElMkYlMkZ3d3cudHRhcmdldHF1aW1pYy5wdCUyRnB0JTJGcGVkaWRvLWRlLWluZm9ybWFjYW8lMkYlMjIlM0VBTlRJT1hJREFOVEVTJTNDJTJGYSUzRSUzQyUyRnAlM0UlMEElM0NwJTNFJTNDYSUyMGhyZWYlM0QlMjJodHRwcyUzQSUyRiUyRnd3dy50dGFyZ2V0cXVpbWljLnB0JTJGcHQlMkZwZWRpZG8tZGUtaW5mb3JtYWNhbyUyRiUyMiUzRUVTVEFCSUxJWkFET1JFUyUyMEUlMjBFTVVMU0lGSUNBTlRFUyUzQyUyRmElM0UlM0MlMkZwJTNFJTBBJTNDcCUzRSUzQ2ElMjBocmVmJTNEJTIyaHR0cHMlM0ElMkYlMkZ3d3cudHRhcmdldHF1aW1pYy5wdCUyRnB0JTJGcGVkaWRvLWRlLWluZm9ybWFjYW8lMkYlMjIlM0VDT05UUk9MQURPUkVTJTIwREUlMjBBQ0lERVolMjBFJTIwQUdFTlRFUyUyMERFJTIwRkVSTUVOVEElQzMlODclQzMlODNPJTNDJTJGYSUzRSUzQyUyRnAlM0UlMEElM0NwJTNFJTNDYSUyMGhyZWYlM0QlMjJodHRwcyUzQSUyRiUyRnd3dy50dGFyZ2V0cXVpbWljLnB0JTJGcHQlMkZwZWRpZG8tZGUtaW5mb3JtYWNhbyUyRiUyMiUzRUlOVEVOU0lGSUNBRE9SRVMlMjBERSUyMFNBQk9SJTNDJTJGYSUzRSUzQyUyRnAlM0UlMEElM0NwJTNFJTNDYSUyMGhyZWYlM0QlMjJodHRwcyUzQSUyRiUyRnd3dy50dGFyZ2V0cXVpbWljLnB0JTJGcHQlMkZwZWRpZG8tZGUtaW5mb3JtYWNhbyUyRiUyMiUzRUFETyVDMyU4N0FOVEVTJTIwSU5URU5TT1MlM0MlMkZhJTNFJTNDJTJGcCUzRSUwQSUzQ3AlM0UlM0NhJTIwaHJlZiUzRCUyMmh0dHBzJTNBJTJGJTJGd3d3LnR0YXJnZXRxdWltaWMucHQlMkZwdCUyRnBlZGlkby1kZS1pbmZvcm1hY2FvJTJGJTIyJTNFQU1JRE9TJTIwRSUyMEFNSURPUyUyME1PRElGSUNBRE9TJTNDJTJGYSUzRSUzQyUyRnAlM0UlMEElM0NwJTNFJTNDYSUyMGhyZWYlM0QlMjJodHRwcyUzQSUyRiUyRnd3dy50dGFyZ2V0cXVpbWljLnB0JTJGcHQlMkZwZWRpZG8tZGUtaW5mb3JtYWNhbyUyRiUyMiUzRU9VVFJPUyUyMElOR1JFRElFTlRFUyUzQyUyRmElM0UlM0MlMkZwJTNF[\/vc_raw_html][\/vc_column][\/vc_row]<\/p>\n","protected":false},"excerpt":{"rendered":"<p>[vc_row][vc_column][vc_custom_heading text=&#8221;ALIMENTA\u00c7\u00c3O HUMANA&#8221;][\/vc_column][\/vc_row][vc_row][vc_column][vc_raw_html]JTNDcCUzRSUzQ2ElMjBocmVmJTNEJTIyaHR0cHMlM0ElMkYlMkZ3d3cudHRhcmdldHF1aW1pYy5wdCUyRnB0JTJGcGVkaWRvLWRlLWluZm9ybWFjYW8lMkYlMjIlM0VDT05TRVJWQU5URVMlM0MlMkZhJTNFJTNDJTJGcCUzRSUwQSUzQ3AlM0UlM0NhJTIwaHJlZiUzRCUyMmh0dHBzJTNBJTJGJTJGd3d3LnR0YXJnZXRxdWltaWMucHQlMkZwdCUyRnBlZGlkby1kZS1pbmZvcm1hY2FvJTJGJTIyJTNFUkVHVUxBRE9SRVMlMjBERSUyMEFDSURFWiUyMEUlMjBBQ0lEVUxBTlRFUyUzQyUyRmElM0UlM0MlMkZwJTNFJTBBJTNDcCUzRSUzQ2ElMjBocmVmJTNEJTIyaHR0cHMlM0ElMkYlMkZ3d3cudHRhcmdldHF1aW1pYy5wdCUyRnB0JTJGcGVkaWRvLWRlLWluZm9ybWFjYW8lMkYlMjIlM0VBTlRJT1hJREFOVEVTJTNDJTJGYSUzRSUzQyUyRnAlM0UlMEElM0NwJTNFJTNDYSUyMGhyZWYlM0QlMjJodHRwcyUzQSUyRiUyRnd3dy50dGFyZ2V0cXVpbWljLnB0JTJGcHQlMkZwZWRpZG8tZGUtaW5mb3JtYWNhbyUyRiUyMiUzRUVTVEFCSUxJWkFET1JFUyUyMEUlMjBFTVVMU0lGSUNBTlRFUyUzQyUyRmElM0UlM0MlMkZwJTNFJTBBJTNDcCUzRSUzQ2ElMjBocmVmJTNEJTIyaHR0cHMlM0ElMkYlMkZ3d3cudHRhcmdldHF1aW1pYy5wdCUyRnB0JTJGcGVkaWRvLWRlLWluZm9ybWFjYW8lMkYlMjIlM0VDT05UUk9MQURPUkVTJTIwREUlMjBBQ0lERVolMjBFJTIwQUdFTlRFUyUyMERFJTIwRkVSTUVOVEElQzMlODclQzMlODNPJTNDJTJGYSUzRSUzQyUyRnAlM0UlMEElM0NwJTNFJTNDYSUyMGhyZWYlM0QlMjJodHRwcyUzQSUyRiUyRnd3dy50dGFyZ2V0cXVpbWljLnB0JTJGcHQlMkZwZWRpZG8tZGUtaW5mb3JtYWNhbyUyRiUyMiUzRUlOVEVOU0lGSUNBRE9SRVMlMjBERSUyMFNBQk9SJTNDJTJGYSUzRSUzQyUyRnAlM0UlMEElM0NwJTNFJTNDYSUyMGhyZWYlM0QlMjJodHRwcyUzQSUyRiUyRnd3dy50dGFyZ2V0cXVpbWljLnB0JTJGcHQlMkZwZWRpZG8tZGUtaW5mb3JtYWNhbyUyRiUyMiUzRUFETyVDMyU4N0FOVEVTJTIwSU5URU5TT1MlM0MlMkZhJTNFJTNDJTJGcCUzRSUwQSUzQ3AlM0UlM0NhJTIwaHJlZiUzRCUyMmh0dHBzJTNBJTJGJTJGd3d3LnR0YXJnZXRxdWltaWMucHQlMkZwdCUyRnBlZGlkby1kZS1pbmZvcm1hY2FvJTJGJTIyJTNFQU1JRE9TJTIwRSUyMEFNSURPUyUyME1PRElGSUNBRE9TJTNDJTJGYSUzRSUzQyUyRnAlM0UlMEElM0NwJTNFJTNDYSUyMGhyZWYlM0QlMjJodHRwcyUzQSUyRiUyRnd3dy50dGFyZ2V0cXVpbWljLnB0JTJGcHQlMkZwZWRpZG8tZGUtaW5mb3JtYWNhbyUyRiUyMiUzRU9VVFJPUyUyMElOR1JFRElFTlRFUyUzQyUyRmElM0UlM0MlMkZwJTNF[\/vc_raw_html][\/vc_column][\/vc_row]<\/p>\n","protected":false},"author":2,"featured_media":0,"parent":0,"menu_order":0,"comment_status":"closed","ping_status":"closed","template":"","meta":{"footnotes":""},"class_list":["post-367","page","type-page","status-publish","hentry"],"_links":{"self":[{"href":"https:\/\/ttargetquimic.pt\/pt\/wp-json\/wp\/v2\/pages\/367","targetHints":{"allow":["GET"]}}],"collection":[{"href":"https:\/\/ttargetquimic.pt\/pt\/wp-json\/wp\/v2\/pages"}],"about":[{"href":"https:\/\/ttargetquimic.pt\/pt\/wp-json\/wp\/v2\/types\/page"}],"author":[{"embeddable":true,"href":"https:\/\/ttargetquimic.pt\/pt\/wp-json\/wp\/v2\/users\/2"}],"replies":[{"embeddable":true,"href":"https:\/\/ttargetquimic.pt\/pt\/wp-json\/wp\/v2\/comments?post=367"}],"version-history":[{"count":4,"href":"https:\/\/ttargetquimic.pt\/pt\/wp-json\/wp\/v2\/pages\/367\/revisions"}],"predecessor-version":[{"id":372,"href":"https:\/\/ttargetquimic.pt\/pt\/wp-json\/wp\/v2\/pages\/367\/revisions\/372"}],"wp:attachment":[{"href":"https:\/\/ttargetquimic.pt\/pt\/wp-json\/wp\/v2\/media?parent=367"}],"curies":[{"name":"wp","href":"https:\/\/api.w.org\/{rel}","templated":true}]}}