{"id":114,"date":"2020-03-23T18:03:45","date_gmt":"2020-03-23T18:03:45","guid":{"rendered":"https:\/\/www.ttargetquimic.pt\/?page_id=114"},"modified":"2020-11-09T17:07:01","modified_gmt":"2020-11-09T17:07:01","slug":"quem-somos","status":"publish","type":"page","link":"https:\/\/ttargetquimic.pt\/pt\/quem-somos\/","title":{"rendered":"Quem Somos"},"content":{"rendered":"<p>[vc_row][vc_column][vc_empty_space]<div class=\"fancy_heading fancy_heading_icon\"><div class=\"fh-top\"><\/div><h2 class=\"title\">Quem Somos<\/h2><\/div>\n[\/vc_column][\/vc_row][vc_row][vc_column][vc_column_text css_animation=&#8221;none&#8221;]<\/p>\n<p style=\"text-align: justify;\">A Ttargetquimic, Lda \u00e9 uma empresa criada em 2018 por duas pessoas com uma larga experi\u00eancia no sector dos produtos qu\u00edmicos quer a n\u00edvel nacional como internacional.<\/p>\n<p style=\"text-align: justify;\">O nascimento da Ttargetquimic s\u00f3 foi poss\u00edvel devido a essa grande experi\u00eancia acumulada de anos dos seus fundadores com especial enfoque no mercado da cer\u00e2mica.<\/p>\n<p style=\"text-align: justify;\">A nossa principal actividade \u00e9 centrada na compra e venda de mat\u00e9rias-primas por grosso quer para o mercado portugu\u00eas quer para o mercado internacional.<\/p>\n<p style=\"text-align: justify;\">Somos representantes exclusivos para Portugal de algumas empresas de refer\u00eancia.<\/p>\n<p style=\"text-align: justify;\">Estamos geograficamente bem situados na zona centro do pa\u00eds e possu\u00edmos um armaz\u00e9m para recep\u00e7\u00e3o e expedi\u00e7\u00e3o dos nossos produtos.<\/p>\n<p>[\/vc_column_text][\/vc_column][\/vc_row][vc_row][vc_column][vc_text_separator title=&#8221;Orienta\u00e7\u00f5es Estrat\u00e9gicas&#8221; color=&#8221;juicy_pink&#8221;]<div class=\"icon_box icon_position_left no_border\"><div class=\"icon_wrapper\"><div class=\"icon\"><i class=\"icon-direction\" aria-hidden=\"true\"><\/i><\/div><\/div><div class=\"desc_wrapper\"><h4 class=\"title\">Miss\u00e3o<\/h4><div class=\"desc\">Sermos reconhecidos como uma alternativa cred\u00edvel aos grandes players de distribui\u00e7\u00e3o a operar no mercado, em especial no mercado da cer\u00e2mica bem como apresenta\u00e7\u00e3o de solu\u00e7\u00f5es de processos, assegurando assim a nossa sustentabilidade e desenvolvimento da empresa.<\/div><\/div><\/div>\n<div class=\"icon_box icon_position_left no_border\"><div class=\"icon_wrapper\"><div class=\"icon\"><i class=\"icon-users\" aria-hidden=\"true\"><\/i><\/div><\/div><div class=\"desc_wrapper\"><h4 class=\"title\">Politica<\/h4><div class=\"desc\">Assumir como vetor fundamental para o sucesso, o foco permanente no cliente, com antecipa\u00e7\u00e3o \u00e0 necessidade do mesmo e apresentar solu\u00e7\u00f5es globais.<\/p>\n<p>Esta politica alinha-se e desenvolve-se nas seguintes vertentes:<\/p>\n<ul>\n<li>Satisfazer os clientes<\/li>\n<li>Dignificar as rela\u00e7\u00f5es com os fornecedores<\/li>\n<\/ul>\n<p><\/div><\/div><\/div>\n[\/vc_column][\/vc_row][vc_row][vc_column][\/vc_column][\/vc_row]<\/p>\n","protected":false},"excerpt":{"rendered":"<p>[vc_row][vc_column][vc_empty_space][\/vc_column][\/vc_row][vc_row][vc_column][vc_column_text css_animation=&#8221;none&#8221;] A Ttargetquimic, Lda \u00e9 uma empresa criada em 2018 por duas pessoas com uma larga experi\u00eancia no sector dos produtos qu\u00edmicos quer a n\u00edvel<span class=\"excerpt-hellip\"> [\u2026]<\/span><\/p>\n","protected":false},"author":1,"featured_media":0,"parent":0,"menu_order":0,"comment_status":"closed","ping_status":"closed","template":"","meta":{"footnotes":""},"class_list":["post-114","page","type-page","status-publish","hentry"],"_links":{"self":[{"href":"https:\/\/ttargetquimic.pt\/pt\/wp-json\/wp\/v2\/pages\/114","targetHints":{"allow":["GET"]}}],"collection":[{"href":"https:\/\/ttargetquimic.pt\/pt\/wp-json\/wp\/v2\/pages"}],"about":[{"href":"https:\/\/ttargetquimic.pt\/pt\/wp-json\/wp\/v2\/types\/page"}],"author":[{"embeddable":true,"href":"https:\/\/ttargetquimic.pt\/pt\/wp-json\/wp\/v2\/users\/1"}],"replies":[{"embeddable":true,"href":"https:\/\/ttargetquimic.pt\/pt\/wp-json\/wp\/v2\/comments?post=114"}],"version-history":[{"count":31,"href":"https:\/\/ttargetquimic.pt\/pt\/wp-json\/wp\/v2\/pages\/114\/revisions"}],"predecessor-version":[{"id":355,"href":"https:\/\/ttargetquimic.pt\/pt\/wp-json\/wp\/v2\/pages\/114\/revisions\/355"}],"wp:attachment":[{"href":"https:\/\/ttargetquimic.pt\/pt\/wp-json\/wp\/v2\/media?parent=114"}],"curies":[{"name":"wp","href":"https:\/\/api.w.org\/{rel}","templated":true}]}}