{"id":106,"date":"2020-03-23T14:57:24","date_gmt":"2020-03-23T14:57:24","guid":{"rendered":"https:\/\/www.ttargetquimic.pt\/?page_id=106"},"modified":"2025-10-24T17:38:55","modified_gmt":"2025-10-24T17:38:55","slug":"pagina-inicial","status":"publish","type":"page","link":"https:\/\/ttargetquimic.pt\/pt\/","title":{"rendered":"P\u00e1gina Inicial"},"content":{"rendered":"<p>[vc_row][vc_column][vc_empty_space][\/vc_column][\/vc_row][vc_row][vc_column width=&#8221;1\/4&#8243;][vc_column_text]<strong><img loading=\"lazy\" decoding=\"async\" class=\"alignnone size-full wp-image-532\" src=\"https:\/\/ttargetquimic.pt\/wp-content\/uploads\/2025\/10\/logo_liquidceram.png\" alt=\"\" width=\"125\" height=\"112\" srcset=\"https:\/\/ttargetquimic.pt\/wp-content\/uploads\/2025\/10\/logo_liquidceram.png 125w, https:\/\/ttargetquimic.pt\/wp-content\/uploads\/2025\/10\/logo_liquidceram-84x75.png 84w\" sizes=\"auto, (max-width:767px) 125px, 125px\" \/><\/strong><\/p>\n<p><strong>LiquidCerAM<\/strong>\u00a0&#8211; Solu\u00e7\u00f5es tecnol\u00f3gicas e materiais sustent\u00e1veis para manufatura aditiva<\/p>\n<p>TTARGETQUIMIC, LDA<\/p>\n<h6><strong>INFO<\/strong><\/h6>\n<p>[\/vc_column_text][vc_btn title=&#8221;Ficha do Projeto (PDF)&#8221; shape=&#8221;square&#8221; color=&#8221;blue&#8221; size=&#8221;sm&#8221; link=&#8221;url:https%3A%2F%2Fttargetquimic.pt%2Fwp-content%2Fuploads%2F2025%2F10%2Ffichaoperacao.pdf|||&#8221;][\/vc_column][vc_column width=&#8221;3\/4&#8243;][vc_column_text]O projeto LiquidCerAM tem como objetivo principal a promo\u00e7\u00e3o de uma tecnologia inovadora de Manufatura Aditiva (MA) de cer\u00e2mica para uma das \u00e1reas de aplica\u00e7\u00e3o mais promissora, a produ\u00e7\u00e3o de lou\u00e7a decorativa. Em espec\u00edfico, pretende-se desenvolver sistemas qu\u00edmicos para uso como aditivos espessantes do processo de impress\u00e3o, para utilizar com pastas cer\u00e2micas l\u00edquidas convencionais, a mesma mat\u00e9ria-prima existente no processo tradicional.<br \/>\nO cons\u00f3rcio do projeto \u00e9 liderado pela Ttargetquimic, em parceria com a Jomaz\u00e9, empresa de cer\u00e2mica decorativa, e o Centro Tecnol\u00f3gico da Cer\u00e2mica e do Vidro, centro de tecnologia e inova\u00e7\u00e3o com compet\u00eancias a reconhecidas em tecnologias avan\u00e7adas de produ\u00e7\u00e3o cer\u00e2mica.[\/vc_column_text][vc_separator color=&#8221;black&#8221;][vc_single_image image=&#8221;533&#8243; img_size=&#8221;full&#8221; alignment=&#8221;center&#8221;][\/vc_column][\/vc_row]<\/p>\n","protected":false},"excerpt":{"rendered":"<p>[vc_row][vc_column][vc_empty_space][\/vc_column][\/vc_row][vc_row][vc_column width=&#8221;1\/4&#8243;][vc_column_text] LiquidCerAM\u00a0&#8211; Solu\u00e7\u00f5es tecnol\u00f3gicas e materiais sustent\u00e1veis para manufatura aditiva TTARGETQUIMIC, LDA INFO [\/vc_column_text][vc_btn title=&#8221;Ficha do Projeto (PDF)&#8221; shape=&#8221;square&#8221; color=&#8221;blue&#8221; size=&#8221;sm&#8221; link=&#8221;url:https%3A%2F%2Fttargetquimic.pt%2Fwp-content%2Fuploads%2F2025%2F10%2Ffichaoperacao.pdf|||&#8221;][\/vc_column][vc_column width=&#8221;3\/4&#8243;][vc_column_text]O projeto LiquidCerAM<span class=\"excerpt-hellip\"> [\u2026]<\/span><\/p>\n","protected":false},"author":1,"featured_media":0,"parent":0,"menu_order":0,"comment_status":"closed","ping_status":"closed","template":"","meta":{"footnotes":""},"class_list":["post-106","page","type-page","status-publish","hentry"],"_links":{"self":[{"href":"https:\/\/ttargetquimic.pt\/pt\/wp-json\/wp\/v2\/pages\/106","targetHints":{"allow":["GET"]}}],"collection":[{"href":"https:\/\/ttargetquimic.pt\/pt\/wp-json\/wp\/v2\/pages"}],"about":[{"href":"https:\/\/ttargetquimic.pt\/pt\/wp-json\/wp\/v2\/types\/page"}],"author":[{"embeddable":true,"href":"https:\/\/ttargetquimic.pt\/pt\/wp-json\/wp\/v2\/users\/1"}],"replies":[{"embeddable":true,"href":"https:\/\/ttargetquimic.pt\/pt\/wp-json\/wp\/v2\/comments?post=106"}],"version-history":[{"count":28,"href":"https:\/\/ttargetquimic.pt\/pt\/wp-json\/wp\/v2\/pages\/106\/revisions"}],"predecessor-version":[{"id":547,"href":"https:\/\/ttargetquimic.pt\/pt\/wp-json\/wp\/v2\/pages\/106\/revisions\/547"}],"wp:attachment":[{"href":"https:\/\/ttargetquimic.pt\/pt\/wp-json\/wp\/v2\/media?parent=106"}],"curies":[{"name":"wp","href":"https:\/\/api.w.org\/{rel}","templated":true}]}}